{"id":104,"date":"2013-07-29T14:50:25","date_gmt":"2013-07-29T13:50:25","guid":{"rendered":"https:\/\/meringue.ch\/?page_id=104"},"modified":"2023-05-19T12:11:28","modified_gmt":"2023-05-19T11:11:28","slug":"news","status":"publish","type":"page","link":"https:\/\/meringue.ch\/?page_id=104","title":{"rendered":"News"},"content":{"rendered":"\n<p class=\"has-text-align-center\"><\/p>\n\n\n\n<hr class=\"wp-block-separator has-css-opacity\"\/>\n\n\n\n<p class=\"has-text-align-center\"><strong>Bonne nouvelle!<\/strong><br>La production reprend d\u00e8s le lundi 11 mai, donc retour des horaires normaux!<br>Merci \u00e0 tous pour votre soutien!<\/p>\n\n\n\n<hr class=\"wp-block-separator has-css-opacity is-style-wide\"\/>\n\n\n\n<p class=\"has-text-align-center\">En cette p\u00e9riode difficile pour tous, soutenez vos commer\u00e7ants!<br>Evitez les d\u00e9placements inutiles et restez chez vous!<\/p>\n\n\n\n<figure class=\"wp-block-image size-large\"><img loading=\"lazy\" decoding=\"async\" width=\"819\" height=\"1024\" src=\"https:\/\/meringue.ch\/wp-content\/uploads\/2020\/03\/63e800a4-9d23-4b44-bbb4-1456270f7a44.jpg\" alt=\"\" class=\"wp-image-517\" srcset=\"https:\/\/meringue.ch\/wp-content\/uploads\/2020\/03\/63e800a4-9d23-4b44-bbb4-1456270f7a44.jpg 819w, https:\/\/meringue.ch\/wp-content\/uploads\/2020\/03\/63e800a4-9d23-4b44-bbb4-1456270f7a44-240x300.jpg 240w, https:\/\/meringue.ch\/wp-content\/uploads\/2020\/03\/63e800a4-9d23-4b44-bbb4-1456270f7a44-768x960.jpg 768w\" sizes=\"(max-width: 819px) 100vw, 819px\" \/><\/figure>\n\n\n\n<hr class=\"wp-block-separator has-css-opacity is-style-wide\"\/>\n\n\n\n<p><\/p>\n\n\n<div class=\"wp-block-image\">\n<figure class=\"aligncenter size-large\"><img loading=\"lazy\" decoding=\"async\" width=\"1024\" height=\"813\" src=\"https:\/\/meringue.ch\/wp-content\/uploads\/2019\/12\/Rime_Carte_Voeux_V2-1-1024x813.jpg\" alt=\"\" class=\"wp-image-499\" srcset=\"https:\/\/meringue.ch\/wp-content\/uploads\/2019\/12\/Rime_Carte_Voeux_V2-1-1024x813.jpg 1024w, https:\/\/meringue.ch\/wp-content\/uploads\/2019\/12\/Rime_Carte_Voeux_V2-1-300x238.jpg 300w, https:\/\/meringue.ch\/wp-content\/uploads\/2019\/12\/Rime_Carte_Voeux_V2-1-768x610.jpg 768w, https:\/\/meringue.ch\/wp-content\/uploads\/2019\/12\/Rime_Carte_Voeux_V2-1-1536x1219.jpg 1536w, https:\/\/meringue.ch\/wp-content\/uploads\/2019\/12\/Rime_Carte_Voeux_V2-1.jpg 2008w\" sizes=\"(max-width: 1024px) 100vw, 1024px\" \/><\/figure><\/div>\n\n<div class=\"wp-block-image\">\n<figure class=\"aligncenter size-large\"><img loading=\"lazy\" decoding=\"async\" width=\"1024\" height=\"813\" src=\"https:\/\/meringue.ch\/wp-content\/uploads\/2019\/12\/Rime_Carte_Voeux-1024x813.jpg\" alt=\"\" class=\"wp-image-500\" srcset=\"https:\/\/meringue.ch\/wp-content\/uploads\/2019\/12\/Rime_Carte_Voeux-1024x813.jpg 1024w, https:\/\/meringue.ch\/wp-content\/uploads\/2019\/12\/Rime_Carte_Voeux-300x238.jpg 300w, https:\/\/meringue.ch\/wp-content\/uploads\/2019\/12\/Rime_Carte_Voeux-768x610.jpg 768w, https:\/\/meringue.ch\/wp-content\/uploads\/2019\/12\/Rime_Carte_Voeux-1536x1219.jpg 1536w, https:\/\/meringue.ch\/wp-content\/uploads\/2019\/12\/Rime_Carte_Voeux.jpg 2008w\" sizes=\"(max-width: 1024px) 100vw, 1024px\" \/><\/figure><\/div>\n\n\n<hr class=\"wp-block-separator has-css-opacity is-style-wide\"\/>\n\n\n\n<p class=\"has-text-align-center\"><strong>EDITION SPECIALE<br>MERINGUES AU FEU DE BOIS<\/strong><\/p>\n\n\n\n<p class=\"has-text-align-center\">D\u00e9couvrez d\u00e8s maintenant et uniquement au magasin \u00e0 Botterens, en bo\u00eetes de 120g, nos meringues cuites au feu de bois dans notre four \u00e0 gueulard datant du milieu du XIXe si\u00e8cle<\/p>\n\n\n<div class=\"wp-block-image\">\n<figure class=\"aligncenter\"><img loading=\"lazy\" decoding=\"async\" width=\"300\" height=\"300\" src=\"https:\/\/meringue.ch\/wp-content\/uploads\/2019\/10\/d52631ee-6d0f-4786-84b5-6396d5bfcafb-1-300x300.jpeg\" alt=\"\" class=\"wp-image-480\" srcset=\"https:\/\/meringue.ch\/wp-content\/uploads\/2019\/10\/d52631ee-6d0f-4786-84b5-6396d5bfcafb-1-300x300.jpeg 300w, https:\/\/meringue.ch\/wp-content\/uploads\/2019\/10\/d52631ee-6d0f-4786-84b5-6396d5bfcafb-1-150x150.jpeg 150w, https:\/\/meringue.ch\/wp-content\/uploads\/2019\/10\/d52631ee-6d0f-4786-84b5-6396d5bfcafb-1-768x768.jpeg 768w, https:\/\/meringue.ch\/wp-content\/uploads\/2019\/10\/d52631ee-6d0f-4786-84b5-6396d5bfcafb-1-1024x1024.jpeg 1024w, https:\/\/meringue.ch\/wp-content\/uploads\/2019\/10\/d52631ee-6d0f-4786-84b5-6396d5bfcafb-1.jpeg 2030w\" sizes=\"(max-width: 300px) 100vw, 300px\" \/><\/figure><\/div>\n\n\n<p class=\"has-text-align-center\">PS Les meringues peuvent \u00eatre l\u00e9g\u00e8rement diff\u00e9rentes \u00e0 l&rsquo;int\u00e9rieur, plus ou moins caram\u00e9lis\u00e9es.<br><\/p>\n\n\n<p style=\"text-align: center;\">\n<\/p><hr>\n<p style=\"text-align: center;\"><span style=\"font-weight: 600;\">MERCI!!!<\/span><\/p>\n<p style=\"text-align: center;\">Un grand merci \u00e0 tous pour vos nombreux messages! Nous ne nous attendions pas \u00e0 un tel engouement suite au reportage de m6 dans l&rsquo;\u00e9mission 66 minutes. Nous r\u00e9pondrons \u00e0 chacun de vous mais cela nous prendra un peu de temps! D&rsquo;avance merci pour votre patience!<\/p>\n<hr>\n<p style=\"text-align: center;\"><a href=\"https:\/\/meringue.ch\/wp-content\/uploads\/2018\/12\/Rime_carte-voeux_18_V1.jpg\"><img loading=\"lazy\" decoding=\"async\" class=\"size-large wp-image-426 aligncenter\" src=\"https:\/\/meringue.ch\/wp-content\/uploads\/2018\/12\/Rime_carte-voeux_18_V1-527x1024.jpg\" alt=\"\" width=\"527\" height=\"1024\" srcset=\"https:\/\/meringue.ch\/wp-content\/uploads\/2018\/12\/Rime_carte-voeux_18_V1-527x1024.jpg 527w, https:\/\/meringue.ch\/wp-content\/uploads\/2018\/12\/Rime_carte-voeux_18_V1-154x300.jpg 154w, https:\/\/meringue.ch\/wp-content\/uploads\/2018\/12\/Rime_carte-voeux_18_V1-768x1493.jpg 768w, https:\/\/meringue.ch\/wp-content\/uploads\/2018\/12\/Rime_carte-voeux_18_V1.jpg 1276w\" sizes=\"(max-width: 527px) 100vw, 527px\" \/><\/a><\/p>\n<p><\/p>\n<hr>\n<p style=\"text-align: center;\"><strong>ARTICLE DU MAGAZINE \u00ab\u00a0LE MENU\u00a0\u00bb DU 06\/18<br><\/strong>Merci au&nbsp;magazine Le Menu pour cet int\u00e9ressant et bel article.<\/p>\n<p style=\"text-align: center;\"><a href=\"https:\/\/meringue.ch\/wp-content\/uploads\/2019\/06\/IMG_4551.jpg\"><img loading=\"lazy\" decoding=\"async\" class=\"wp-image-442 size-large aligncenter\" src=\"https:\/\/meringue.ch\/wp-content\/uploads\/2019\/06\/IMG_4551-708x1024.jpg\" alt=\"\" width=\"560\" height=\"810\" srcset=\"https:\/\/meringue.ch\/wp-content\/uploads\/2019\/06\/IMG_4551-708x1024.jpg 708w, https:\/\/meringue.ch\/wp-content\/uploads\/2019\/06\/IMG_4551-207x300.jpg 207w, https:\/\/meringue.ch\/wp-content\/uploads\/2019\/06\/IMG_4551-768x1111.jpg 768w\" sizes=\"(max-width: 560px) 100vw, 560px\" \/><\/a><\/p>\n<p style=\"text-align: center;\"><a href=\"https:\/\/meringue.ch\/wp-content\/uploads\/2019\/06\/IMG_4553.jpg\"><img loading=\"lazy\" decoding=\"async\" class=\"wp-image-441 size-large aligncenter\" src=\"https:\/\/meringue.ch\/wp-content\/uploads\/2019\/06\/IMG_4553-782x1024.jpg\" alt=\"\" width=\"560\" height=\"733\" srcset=\"https:\/\/meringue.ch\/wp-content\/uploads\/2019\/06\/IMG_4553-782x1024.jpg 782w, https:\/\/meringue.ch\/wp-content\/uploads\/2019\/06\/IMG_4553-229x300.jpg 229w, https:\/\/meringue.ch\/wp-content\/uploads\/2019\/06\/IMG_4553-768x1006.jpg 768w\" sizes=\"(max-width: 560px) 100vw, 560px\" \/><\/a><\/p>\n<hr>\n<p style=\"text-align: center;\"><strong>PRODUCTION<\/strong><\/p>\n<p style=\"text-align: center;\">Nous vous informons que d\u00e8s maintenant nos meringues sont fabriqu\u00e9es<br>en partie gr\u00e2ce \u00e0 de l<strong>&lsquo;\u00e9nergie verte<\/strong><br>produite sur notre toit au moyen de&nbsp;<strong>panneaux solaires<\/strong>.<\/p>\n<hr>\n<p style=\"text-align: center;\"><strong><br>ARTICLE ANGELOZ MAGAZINE<br><\/strong><\/p>\n<p style=\"text-align: center;\">&nbsp;Merci au Magazine Ang\u00e9loz de Ang\u00e9loz Mode pour ce bel article de son \u00e9dition automne-hiver 2017-2018.<\/p>\n<p style=\"text-align: center;\"><a href=\"https:\/\/meringue.ch\/wp-content\/uploads\/2019\/06\/Capture-d\u2019\u00e9cran-2018-05-03-\u00e0-10.01.07.png\"><img loading=\"lazy\" decoding=\"async\" class=\"wp-image-443 size-large aligncenter\" src=\"https:\/\/meringue.ch\/wp-content\/uploads\/2019\/06\/Capture-d\u2019\u00e9cran-2018-05-03-\u00e0-10.01.07-729x1024.png\" alt=\"\" width=\"560\" height=\"787\" srcset=\"https:\/\/meringue.ch\/wp-content\/uploads\/2019\/06\/Capture-d\u2019\u00e9cran-2018-05-03-\u00e0-10.01.07-729x1024.png 729w, https:\/\/meringue.ch\/wp-content\/uploads\/2019\/06\/Capture-d\u2019\u00e9cran-2018-05-03-\u00e0-10.01.07-214x300.png 214w, https:\/\/meringue.ch\/wp-content\/uploads\/2019\/06\/Capture-d\u2019\u00e9cran-2018-05-03-\u00e0-10.01.07-768x1079.png 768w, https:\/\/meringue.ch\/wp-content\/uploads\/2019\/06\/Capture-d\u2019\u00e9cran-2018-05-03-\u00e0-10.01.07.png 1360w\" sizes=\"(max-width: 560px) 100vw, 560px\" \/><\/a><\/p>\n<hr>\n<p style=\"text-align: center;\"><a href=\"https:\/\/meringue.ch\/wp-content\/uploads\/2019\/06\/Rime_carte-voeux_17_web.jpg\"><img loading=\"lazy\" decoding=\"async\" class=\"wp-image-444 size-large aligncenter\" src=\"https:\/\/meringue.ch\/wp-content\/uploads\/2019\/06\/Rime_carte-voeux_17_web-722x1024.jpg\" alt=\"\" width=\"560\" height=\"794\" srcset=\"https:\/\/meringue.ch\/wp-content\/uploads\/2019\/06\/Rime_carte-voeux_17_web-722x1024.jpg 722w, https:\/\/meringue.ch\/wp-content\/uploads\/2019\/06\/Rime_carte-voeux_17_web-211x300.jpg 211w, https:\/\/meringue.ch\/wp-content\/uploads\/2019\/06\/Rime_carte-voeux_17_web-768x1090.jpg 768w, https:\/\/meringue.ch\/wp-content\/uploads\/2019\/06\/Rime_carte-voeux_17_web.jpg 1800w\" sizes=\"(max-width: 560px) 100vw, 560px\" \/><\/a><\/p>\n<hr>\n<p style=\"text-align: center;\"><strong>MAGASIN<\/strong><\/p>\n<p style=\"text-align: center;\">Nous avons le plaisir de vous accueillir \u00e0 nouveau dans notre magasin<br>Venez d\u00e9couvrir notre nouvel am\u00e9nagement!<br>Au plaisir de vous revoir<\/p>\n<p style=\"text-align: center;\"><a href=\"https:\/\/meringue.ch\/wp-content\/uploads\/2019\/06\/IMG_3252.jpg\"><img loading=\"lazy\" decoding=\"async\" class=\"aligncenter wp-image-449 size-medium\" src=\"https:\/\/meringue.ch\/wp-content\/uploads\/2019\/06\/IMG_3252-300x300.jpg\" alt=\"\" width=\"300\" height=\"300\" srcset=\"https:\/\/meringue.ch\/wp-content\/uploads\/2019\/06\/IMG_3252-300x300.jpg 300w, https:\/\/meringue.ch\/wp-content\/uploads\/2019\/06\/IMG_3252-150x150.jpg 150w, https:\/\/meringue.ch\/wp-content\/uploads\/2019\/06\/IMG_3252-768x768.jpg 768w, https:\/\/meringue.ch\/wp-content\/uploads\/2019\/06\/IMG_3252-1024x1024.jpg 1024w\" sizes=\"(max-width: 300px) 100vw, 300px\" \/><\/a><\/p>\n<p style=\"text-align: center;\"><a href=\"https:\/\/meringue.ch\/wp-content\/uploads\/2019\/06\/IMG_3253.jpg\"><img loading=\"lazy\" decoding=\"async\" class=\"aligncenter wp-image-448 size-medium\" src=\"https:\/\/meringue.ch\/wp-content\/uploads\/2019\/06\/IMG_3253-300x300.jpg\" alt=\"\" width=\"300\" height=\"300\" srcset=\"https:\/\/meringue.ch\/wp-content\/uploads\/2019\/06\/IMG_3253-300x300.jpg 300w, https:\/\/meringue.ch\/wp-content\/uploads\/2019\/06\/IMG_3253-150x150.jpg 150w, https:\/\/meringue.ch\/wp-content\/uploads\/2019\/06\/IMG_3253-768x768.jpg 768w, https:\/\/meringue.ch\/wp-content\/uploads\/2019\/06\/IMG_3253-1024x1024.jpg 1024w\" sizes=\"(max-width: 300px) 100vw, 300px\" \/><\/a><\/p>\n<hr>\n<p style=\"text-align: center;\">Nous sommes actuellement en travaux,<br>la partie sup\u00e9rieure du b\u00e2timent est en train&nbsp;d&rsquo;\u00eatre transform\u00e9e,<br>mais la production continue et le magasin est&nbsp;toujours OUVERT!<br>Nous nous excusons des possibles d\u00e9sagr\u00e9ments,<br>mais nous sommes toujours l\u00e0 pour vous accueillir!!!<\/p>\n<p style=\"text-align: center;\">Vous pouvez consulter le site internet de notre architecte<br>pour voir ce qui va \u00eatre fait&nbsp;<a href=\"http:\/\/www.ys-architecte.ch\">www.ys-architecte.ch<\/a><\/p>\n<hr>\n<p style=\"text-align: center;\"><strong>NEWS 2017<\/strong><\/p>\n<p style=\"text-align: center;\">Petit rappel: nos meringues sont disponibles en vrac depuis 1946,<br>nous les vendons dans des bidons consign\u00e9s,<br>mais il est tout \u00e0 fait possible de remplir vos propres r\u00e9cipients.<\/p>\n<hr>\n<p style=\"text-align: center;\"><strong>NOUVEAUTE 2015<\/strong><\/p>\n<p style=\"text-align: center;\">Vous souhaitez faire un petit cadeau original? Cette nouvelle demi-bo\u00eete est id\u00e9ale! Elle contient 70g de meringues soit environ 8 \u00e0 10&nbsp;pi\u00e8ces moyennes. Vous pouvez d\u00e8s \u00e0 pr\u00e9sent la trouver au magasin \u00e0 Botterens.<\/p>\n<p style=\"text-align: center;\">On la d\u00e9cline avec des meringues de taille moyenne et des minies meringues.<\/p>\n<p><a href=\"https:\/\/meringue.ch\/wp-content\/uploads\/2019\/06\/bo\u00eete-80g.jpg\"><img loading=\"lazy\" decoding=\"async\" class=\"wp-image-451 size-large aligncenter\" src=\"https:\/\/meringue.ch\/wp-content\/uploads\/2019\/06\/bo\u00eete-80g-1024x767.jpg\" alt=\"\" width=\"560\" height=\"419\" srcset=\"https:\/\/meringue.ch\/wp-content\/uploads\/2019\/06\/bo\u00eete-80g-1024x767.jpg 1024w, https:\/\/meringue.ch\/wp-content\/uploads\/2019\/06\/bo\u00eete-80g-300x225.jpg 300w, https:\/\/meringue.ch\/wp-content\/uploads\/2019\/06\/bo\u00eete-80g-768x575.jpg 768w\" sizes=\"(max-width: 560px) 100vw, 560px\" \/><\/a><a href=\"https:\/\/meringue.ch\/wp-content\/uploads\/2019\/06\/bo\u00eete-80g-p.jpg\"><img loading=\"lazy\" decoding=\"async\" class=\"wp-image-452 size-large aligncenter\" src=\"https:\/\/meringue.ch\/wp-content\/uploads\/2019\/06\/bo\u00eete-80g-p-1024x1024.jpg\" alt=\"\" width=\"560\" height=\"560\" srcset=\"https:\/\/meringue.ch\/wp-content\/uploads\/2019\/06\/bo\u00eete-80g-p-1024x1024.jpg 1024w, https:\/\/meringue.ch\/wp-content\/uploads\/2019\/06\/bo\u00eete-80g-p-150x150.jpg 150w, https:\/\/meringue.ch\/wp-content\/uploads\/2019\/06\/bo\u00eete-80g-p-300x300.jpg 300w, https:\/\/meringue.ch\/wp-content\/uploads\/2019\/06\/bo\u00eete-80g-p-768x768.jpg 768w\" sizes=\"(max-width: 560px) 100vw, 560px\" \/><\/a><\/p>\n<hr>\n<p style=\"text-align: center;\"><strong>BEL ARTICLE PUBLIE DANS L&rsquo;HEBDO DU 17 OCTOBRE 2013<br>BONNE LECTURE!<\/strong><\/p>\n<p style=\"text-align: center;\"><a href=\"https:\/\/meringue.ch\/wp-content\/uploads\/2013\/07\/IMG_0032.jpg\"><img loading=\"lazy\" decoding=\"async\" class=\"size-full wp-image-171 aligncenter\" src=\"https:\/\/meringue.ch\/wp-content\/uploads\/2013\/07\/IMG_0032.jpg\" alt=\"IMG_0032\" width=\"768\" height=\"1020\" srcset=\"https:\/\/meringue.ch\/wp-content\/uploads\/2013\/07\/IMG_0032.jpg 768w, https:\/\/meringue.ch\/wp-content\/uploads\/2013\/07\/IMG_0032-225x300.jpg 225w\" sizes=\"(max-width: 768px) 100vw, 768px\" \/><\/a><a href=\"https:\/\/meringue.ch\/wp-content\/uploads\/2013\/07\/IMG_0033.jpg\"><img loading=\"lazy\" decoding=\"async\" class=\"size-full wp-image-172 aligncenter\" src=\"https:\/\/meringue.ch\/wp-content\/uploads\/2013\/07\/IMG_0033.jpg\" alt=\"IMG_0033\" width=\"768\" height=\"1020\" srcset=\"https:\/\/meringue.ch\/wp-content\/uploads\/2013\/07\/IMG_0033.jpg 768w, https:\/\/meringue.ch\/wp-content\/uploads\/2013\/07\/IMG_0033-225x300.jpg 225w\" sizes=\"(max-width: 768px) 100vw, 768px\" \/><\/a><\/p>","protected":false},"excerpt":{"rendered":"<p>Bonne nouvelle!La production reprend d\u00e8s le lundi 11 mai, donc retour des horaires normaux!Merci \u00e0 tous pour votre soutien! En cette p\u00e9riode difficile pour tous, soutenez vos commer\u00e7ants!Evitez les d\u00e9placements inutiles et restez chez vous! EDITION SPECIALEMERINGUES AU FEU DE BOIS D\u00e9couvrez d\u00e8s maintenant et uniquement au magasin \u00e0 Botterens, en bo\u00eetes de 120g, nos [&hellip;]<\/p>\n","protected":false},"author":2,"featured_media":0,"parent":0,"menu_order":0,"comment_status":"closed","ping_status":"closed","template":"","meta":{"footnotes":""},"_links":{"self":[{"href":"https:\/\/meringue.ch\/index.php?rest_route=\/wp\/v2\/pages\/104"}],"collection":[{"href":"https:\/\/meringue.ch\/index.php?rest_route=\/wp\/v2\/pages"}],"about":[{"href":"https:\/\/meringue.ch\/index.php?rest_route=\/wp\/v2\/types\/page"}],"author":[{"embeddable":true,"href":"https:\/\/meringue.ch\/index.php?rest_route=\/wp\/v2\/users\/2"}],"replies":[{"embeddable":true,"href":"https:\/\/meringue.ch\/index.php?rest_route=%2Fwp%2Fv2%2Fcomments&post=104"}],"version-history":[{"count":151,"href":"https:\/\/meringue.ch\/index.php?rest_route=\/wp\/v2\/pages\/104\/revisions"}],"predecessor-version":[{"id":578,"href":"https:\/\/meringue.ch\/index.php?rest_route=\/wp\/v2\/pages\/104\/revisions\/578"}],"wp:attachment":[{"href":"https:\/\/meringue.ch\/index.php?rest_route=%2Fwp%2Fv2%2Fmedia&parent=104"}],"curies":[{"name":"wp","href":"https:\/\/api.w.org\/{rel}","templated":true}]}}