{"id":12,"date":"2013-07-29T11:15:05","date_gmt":"2013-07-29T10:15:05","guid":{"rendered":"https:\/\/meringue.ch\/?page_id=12"},"modified":"2017-11-10T13:22:15","modified_gmt":"2017-11-10T12:22:15","slug":"produits","status":"publish","type":"page","link":"https:\/\/meringue.ch\/?page_id=12","title":{"rendered":"Produits"},"content":{"rendered":"<p><strong>Liste des produits disponibles<\/strong><br \/>\n<strong>par commande et au magasin \u00e0 Botterens<\/strong><\/p>\n<p>Bo\u00eete de 70g env. 10 pi\u00e8ces<img loading=\"lazy\" decoding=\"async\" class=\" wp-image-88 alignright\" src=\"https:\/\/meringue.ch\/wp-content\/uploads\/2013\/07\/shapeimage_11.png\" alt=\"shapeimage_1\" width=\"360\" height=\"252\" srcset=\"https:\/\/meringue.ch\/wp-content\/uploads\/2013\/07\/shapeimage_11.png 400w, https:\/\/meringue.ch\/wp-content\/uploads\/2013\/07\/shapeimage_11-300x210.png 300w\" sizes=\"(max-width: 360px) 100vw, 360px\" \/><br \/>\nBo\u00eete de minies meringues 70g<br \/>\nBo\u00eete de 120g env. 16 pi\u00e8ces<br \/>\nBo\u00eete de minies meringues de 120g env. 30 pi\u00e8ces<br \/>\nBo\u00eete de 500g env. 50 pi\u00e8ces<br \/>\nBo\u00eete de grandes meringues de 500g env. 25 pi\u00e8ces<\/p>\n<p>Petit bidon env. 300g<br \/>\nGrand bidon env. 600g<br \/>\nBac plastique env. 1&rsquo;100g<\/p>\n<p>Vous \u00eates commer\u00e7ant, vous souhaitez distribuer nos produits, envoyez-nous un email \u00e0 <a href=\"mailto:info@meringue.ch\">info@meringue.ch<\/a><\/p>\n<p><img loading=\"lazy\" decoding=\"async\" class=\"wp-image-115 alignright\" src=\"https:\/\/meringue.ch\/wp-content\/uploads\/2013\/07\/Bache-AngeloRime-image-seule.jpg\" alt=\"Bache-AngeloRime-image-seule\" width=\"360\" height=\"166\" \/><\/p>\n","protected":false},"excerpt":{"rendered":"<p>Liste des produits disponibles par commande et au magasin \u00e0 Botterens Bo\u00eete de 70g env. 10 pi\u00e8ces Bo\u00eete de minies meringues 70g Bo\u00eete de 120g env. 16 pi\u00e8ces Bo\u00eete de minies meringues de 120g env. 30 pi\u00e8ces Bo\u00eete de 500g env. 50 pi\u00e8ces Bo\u00eete de grandes meringues de 500g env. 25 pi\u00e8ces Petit bidon env. [&hellip;]<\/p>\n","protected":false},"author":2,"featured_media":0,"parent":0,"menu_order":0,"comment_status":"closed","ping_status":"open","template":"","meta":{"footnotes":""},"_links":{"self":[{"href":"https:\/\/meringue.ch\/index.php?rest_route=\/wp\/v2\/pages\/12"}],"collection":[{"href":"https:\/\/meringue.ch\/index.php?rest_route=\/wp\/v2\/pages"}],"about":[{"href":"https:\/\/meringue.ch\/index.php?rest_route=\/wp\/v2\/types\/page"}],"author":[{"embeddable":true,"href":"https:\/\/meringue.ch\/index.php?rest_route=\/wp\/v2\/users\/2"}],"replies":[{"embeddable":true,"href":"https:\/\/meringue.ch\/index.php?rest_route=%2Fwp%2Fv2%2Fcomments&post=12"}],"version-history":[{"count":21,"href":"https:\/\/meringue.ch\/index.php?rest_route=\/wp\/v2\/pages\/12\/revisions"}],"predecessor-version":[{"id":376,"href":"https:\/\/meringue.ch\/index.php?rest_route=\/wp\/v2\/pages\/12\/revisions\/376"}],"wp:attachment":[{"href":"https:\/\/meringue.ch\/index.php?rest_route=%2Fwp%2Fv2%2Fmedia&parent=12"}],"curies":[{"name":"wp","href":"https:\/\/api.w.org\/{rel}","templated":true}]}}