{"id":6,"date":"2013-07-29T11:12:42","date_gmt":"2013-07-29T10:12:42","guid":{"rendered":"https:\/\/meringue.ch\/?page_id=6"},"modified":"2022-05-25T21:06:16","modified_gmt":"2022-05-25T20:06:16","slug":"index","status":"publish","type":"page","link":"https:\/\/meringue.ch\/","title":{"rendered":"Home"},"content":{"rendered":"<p><!--more--><a href=\"https:\/\/meringue.ch\/wp-content\/uploads\/2021\/04\/bo\u00eete-120g.jpg\"><img loading=\"lazy\" decoding=\"async\" class=\"alignright wp-image-550\" src=\"https:\/\/meringue.ch\/wp-content\/uploads\/2021\/04\/bo\u00eete-120g-291x300.jpg\" alt=\"\" width=\"388\" height=\"400\" srcset=\"https:\/\/meringue.ch\/wp-content\/uploads\/2021\/04\/bo\u00eete-120g-291x300.jpg 291w, https:\/\/meringue.ch\/wp-content\/uploads\/2021\/04\/bo\u00eete-120g-993x1024.jpg 993w, https:\/\/meringue.ch\/wp-content\/uploads\/2021\/04\/bo\u00eete-120g-768x792.jpg 768w, https:\/\/meringue.ch\/wp-content\/uploads\/2021\/04\/bo\u00eete-120g-1489x1536.jpg 1489w, https:\/\/meringue.ch\/wp-content\/uploads\/2021\/04\/bo\u00eete-120g.jpg 1772w\" sizes=\"(max-width: 388px) 100vw, 388px\" \/><\/a><\/p>\n<p><strong>Les meringues Ang\u00e9lo Rime,<br \/>\n<\/strong><strong>\u00ab\u00a0un go\u00fbt de tradition\u00a0\u00bb<\/strong><\/p>\n<p>Voici un aper\u00e7u des produits fabriqu\u00e9s \u00e0 la boulangerie Ang\u00e9lo Rime \u00e0 Botterens.<\/p>\n<p>Vous trouverez \u00e9galement un petit historique de l\u2019entreprise familiale ainsi que tous les moyens\u00a0pour nous contacter et nous rejoindre \u00e0 Botterens.<\/p>\n<p><a href=\"https:\/\/meringue.ch\/wp-content\/uploads\/2021\/04\/IMG_4981-scaled.jpg\"><img loading=\"lazy\" decoding=\"async\" class=\"alignnone wp-image-553\" style=\"margin: 0px;\" src=\"https:\/\/meringue.ch\/wp-content\/uploads\/2021\/04\/IMG_4981-300x280.jpg\" alt=\"\" width=\"374\" height=\"350\" srcset=\"https:\/\/meringue.ch\/wp-content\/uploads\/2021\/04\/IMG_4981-300x280.jpg 300w, https:\/\/meringue.ch\/wp-content\/uploads\/2021\/04\/IMG_4981-1024x957.jpg 1024w, https:\/\/meringue.ch\/wp-content\/uploads\/2021\/04\/IMG_4981-768x718.jpg 768w, https:\/\/meringue.ch\/wp-content\/uploads\/2021\/04\/IMG_4981-1536x1436.jpg 1536w, https:\/\/meringue.ch\/wp-content\/uploads\/2021\/04\/IMG_4981-2048x1915.jpg 2048w\" sizes=\"(max-width: 374px) 100vw, 374px\" \/><\/a><\/p>\n","protected":false},"excerpt":{"rendered":"","protected":false},"author":2,"featured_media":0,"parent":0,"menu_order":0,"comment_status":"closed","ping_status":"open","template":"","meta":{"footnotes":""},"_links":{"self":[{"href":"https:\/\/meringue.ch\/index.php?rest_route=\/wp\/v2\/pages\/6"}],"collection":[{"href":"https:\/\/meringue.ch\/index.php?rest_route=\/wp\/v2\/pages"}],"about":[{"href":"https:\/\/meringue.ch\/index.php?rest_route=\/wp\/v2\/types\/page"}],"author":[{"embeddable":true,"href":"https:\/\/meringue.ch\/index.php?rest_route=\/wp\/v2\/users\/2"}],"replies":[{"embeddable":true,"href":"https:\/\/meringue.ch\/index.php?rest_route=%2Fwp%2Fv2%2Fcomments&post=6"}],"version-history":[{"count":111,"href":"https:\/\/meringue.ch\/index.php?rest_route=\/wp\/v2\/pages\/6\/revisions"}],"predecessor-version":[{"id":570,"href":"https:\/\/meringue.ch\/index.php?rest_route=\/wp\/v2\/pages\/6\/revisions\/570"}],"wp:attachment":[{"href":"https:\/\/meringue.ch\/index.php?rest_route=%2Fwp%2Fv2%2Fmedia&parent=6"}],"curies":[{"name":"wp","href":"https:\/\/api.w.org\/{rel}","templated":true}]}}